{"id":584,"date":"2021-10-19T11:57:37","date_gmt":"2021-10-19T11:57:37","guid":{"rendered":"https:\/\/frerichs-fotoart.de\/?page_id=584"},"modified":"2021-10-25T14:06:00","modified_gmt":"2021-10-25T14:06:00","slug":"kostenrechner-fotobox","status":"publish","type":"page","link":"https:\/\/frerichs-fotoart.de\/index.php\/kostenrechner-fotobox\/","title":{"rendered":"Kostenrechner Fotobox"},"content":{"rendered":"\n<p>An dieser Stelle k\u00f6nnen Sie Ihr Fotoboxpaket zusammenstellen und die Kosten daf\u00fcr erfahren. Bitte haben sie Verst\u00e4ndnis daf\u00fcr, dass es sich nicht um ein verbindliches Angebot handeln kann.<\/p>\n\n\n\n<style>@media (max-width:480px){#cp_calculatedfieldsf_pform_1{min-height:1082px;}}@media (max-width:768px){#cp_calculatedfieldsf_pform_1{min-height:478px;}}@media (max-width:1024px){#cp_calculatedfieldsf_pform_1{min-height:476px;}}@media (min-width:1024px){#cp_calculatedfieldsf_pform_1{min-height:478px;}}<\/style><form name=\"cp_calculatedfieldsf_pform_1\" id=\"cp_calculatedfieldsf_pform_1\" action=\"https:\/\/frerichs-fotoart.de\/index.php\/kostenrechner-fotobox\/\" method=\"post\" enctype=\"multipart\/form-data\" onsubmit=\"return fbuilderjQuery.fbuilder.doValidate(this);\" class=\"cff-form no-prefetch  cff-form-6 cp_cff_13\"  dir=\"ltr\" data-nonce=\"51b672d671\">\n<input type=\"hidden\" name=\"cp_calculatedfieldsf_pform_psequence\" value=\"_1\" \/>\n<input type=\"hidden\" name=\"cp_calculatedfieldsf_id\" value=\"6\" \/>\n<input type=\"hidden\" name=\"cp_ref_page\" value=\"https:\/\/frerichs-fotoart.de\" \/>\n<pre style=\"display:none !important;\"><script data-category=\"functional\" type=\"text\/javascript\">form_structure_1=[[{\"form_identifier\":\"\",\"name\":\"fieldname3\",\"fieldlayout\":\"default\",\"shortlabel\":\"\",\"index\":0,\"ftype\":\"fradio\",\"userhelp\":\"\",\"audiotutorial\":\"\",\"userhelpTooltip\":false,\"tooltipIcon\":false,\"csslayout\":\"\",\"hidefield\":false,\"advanced\":{\"css\":{\"container\":{\"label\":\"Field container div tag\",\"rules\":{}},\"label\":{\"label\":\"Field label\",\"rules\":{}},\"help\":{\"label\":\"Instructions for users\",\"rules\":{}},\"choice\":{\"label\":\"Choice text\",\"rules\":{}}}},\"title\":\"W\\u00e4hlen Sie eine Fotoboxversion aus:\",\"layout\":\"one_column\",\"required\":false,\"exclude\":false,\"accept_html\":false,\"readonly\":false,\"toSubmit\":\"text\",\"choiceSelected\":\"\",\"showDep\":true,\"untickAccepted\":true,\"onoff\":0,\"nextPage\":false,\"choices\":[\"small Budget\",\"normal\",\"normal 2\",\"light\",\"gro\\u00df\",\"gro\\u00df 2\",\"mirror (Muss geliefert und abgeholt werden. Bitte entsprechend ausw\\u00e4hlen.)\"],\"choicesVal\":[\"50\",\"100\",\"100\",\"120\",\"120\",\"120\",\"180\"],\"choicesDep\":[[\"fieldname6\",\"fieldname7\",\"fieldname9\",\"fieldname8\"],[\"fieldname5\",\"fieldname6\",\"fieldname7\",\"fieldname9\",\"fieldname8\"],[\"fieldname5\",\"fieldname6\",\"fieldname7\",\"fieldname9\",\"fieldname8\"],[\"fieldname5\",\"fieldname6\",\"fieldname7\",\"fieldname9\",\"fieldname8\"],[\"fieldname6\",\"fieldname7\",\"fieldname9\",\"fieldname8\"],[\"fieldname5\",\"fieldname6\",\"fieldname7\",\"fieldname9\",\"fieldname8\"],[\"fieldname5\",\"fieldname6\",\"fieldname7\",\"fieldname9\",\"fieldname8\"]],\"fBuild\":{},\"parent\":\"\"},{\"form_identifier\":\"\",\"name\":\"fieldname5\",\"fieldlayout\":\"default\",\"shortlabel\":\"\",\"index\":1,\"ftype\":\"fcheck\",\"userhelp\":\"\",\"audiotutorial\":\"\",\"userhelpTooltip\":false,\"tooltipIcon\":false,\"csslayout\":\"\",\"hidefield\":false,\"advanced\":{\"css\":{\"container\":{\"label\":\"Field container div tag\",\"rules\":{}},\"label\":{\"label\":\"Field label\",\"rules\":{}},\"input\":{\"label\":\"Input tag\",\"rules\":{}},\"help\":{\"label\":\"Instructions for users\",\"rules\":{}},\"choice\":{\"label\":\"Choice text\",\"rules\":{}}}},\"title\":\"Papierausdrucke:\",\"layout\":\"one_column\",\"required\":false,\"exclude\":false,\"accept_html\":false,\"readonly\":false,\"toSubmit\":\"text\",\"merge\":1,\"onoff\":0,\"quantity\":0,\"quantity_when_ticked\":0,\"max\":-1,\"min\":-1,\"maxError\":\"Check no more than {0} boxes\",\"minError\":\"Check at least {0} boxes\",\"showDep\":true,\"choices\":[\"Druckerflatrate 100\"],\"choicesVal\":[\"80\"],\"choiceSelected\":[false],\"choicesDep\":[[\"fieldname2\"]],\"fBuild\":{},\"parent\":\"\"},{\"form_identifier\":\"\",\"name\":\"fieldname2\",\"fieldlayout\":\"default\",\"shortlabel\":\"\",\"index\":2,\"ftype\":\"fnumber\",\"userhelp\":\"z. B. 2 f\\u00fcr 200 Ausdrucke; 4 f\\u00fcr 400 Ausdrucke\",\"audiotutorial\":\"\",\"userhelpTooltip\":false,\"tooltipIcon\":false,\"csslayout\":\"\",\"hidefield\":false,\"advanced\":{\"css\":{\"container\":{\"label\":\"Field container div tag\",\"rules\":{}},\"label\":{\"label\":\"Field label\",\"rules\":{}},\"input\":{\"label\":\"Input tag\",\"rules\":{}},\"help\":{\"label\":\"Instructions for users\",\"rules\":{}}}},\"title\":\"Wie oft m\\u00f6chten Sie die Druckerflatrate buchen?\",\"predefined\":\"1\",\"predefinedClick\":false,\"required\":false,\"exclude\":false,\"readonly\":false,\"numberpad\":false,\"spinner\":false,\"size\":\"small\",\"prefix\":\"\",\"postfix\":\"\",\"thousandSeparator\":\"\",\"decimalSymbol\":\".\",\"min\":\"1\",\"max\":\"4\",\"step\":\"\",\"formatDynamically\":false,\"twoDecimals\":false,\"dformat\":\"digits\",\"formats\":[\"digits\",\"number\",\"percent\"],\"fBuild\":{},\"parent\":\"\"},{\"form_identifier\":\"\",\"name\":\"fieldname6\",\"fieldlayout\":\"default\",\"shortlabel\":\"\",\"index\":3,\"ftype\":\"fcheck\",\"userhelp\":\"\",\"audiotutorial\":\"\",\"userhelpTooltip\":false,\"tooltipIcon\":false,\"csslayout\":\"\",\"hidefield\":false,\"advanced\":{\"css\":{\"container\":{\"label\":\"Field container div tag\",\"rules\":{}},\"label\":{\"label\":\"Field label\",\"rules\":{}},\"input\":{\"label\":\"Input tag\",\"rules\":{}},\"help\":{\"label\":\"Instructions for users\",\"rules\":{}}}},\"title\":\"M\\u00f6chten Sie einen Hintergrund dazu?\",\"layout\":\"one_column\",\"required\":false,\"exclude\":false,\"accept_html\":false,\"readonly\":false,\"toSubmit\":\"text\",\"merge\":1,\"onoff\":0,\"quantity\":0,\"quantity_when_ticked\":0,\"max\":-1,\"min\":-1,\"maxError\":\"Check no more than {0} boxes\",\"minError\":\"Check at least {0} boxes\",\"showDep\":false,\"choices\":[\"Hintergrund\"],\"choicesVal\":[\"20\"],\"choiceSelected\":[false],\"choicesDep\":[[]],\"fBuild\":{},\"parent\":\"\"},{\"form_identifier\":\"\",\"name\":\"fieldname7\",\"fieldlayout\":\"default\",\"shortlabel\":\"\",\"index\":4,\"ftype\":\"fcheck\",\"userhelp\":\"\",\"audiotutorial\":\"\",\"userhelpTooltip\":false,\"tooltipIcon\":false,\"csslayout\":\"\",\"hidefield\":false,\"advanced\":{\"css\":{\"container\":{\"label\":\"Field container div tag\",\"rules\":{}},\"label\":{\"label\":\"Field label\",\"rules\":{}},\"input\":{\"label\":\"Input tag\",\"rules\":{}},\"help\":{\"label\":\"Instructions for users\",\"rules\":{}},\"choice\":{\"label\":\"Choice text\",\"rules\":{}}}},\"title\":\"Soll die Fotobox geliefert werden?\",\"layout\":\"one_column\",\"required\":false,\"exclude\":false,\"accept_html\":false,\"readonly\":false,\"toSubmit\":\"text\",\"merge\":1,\"onoff\":0,\"quantity\":0,\"quantity_when_ticked\":0,\"max\":-1,\"min\":-1,\"maxError\":\"Check no more than {0} boxes\",\"minError\":\"Check at least {0} boxes\",\"showDep\":true,\"choices\":[\"Lieferung\"],\"choicesVal\":[\"1\"],\"choiceSelected\":[false],\"choicesDep\":[[\"fieldname11\",\"fieldname10\"]],\"fBuild\":{},\"parent\":\"\"},{\"form_identifier\":\"\",\"name\":\"fieldname9\",\"fieldlayout\":\"default\",\"shortlabel\":\"\",\"index\":5,\"ftype\":\"fcheck\",\"userhelp\":\"\",\"audiotutorial\":\"\",\"userhelpTooltip\":false,\"tooltipIcon\":false,\"csslayout\":\"\",\"hidefield\":false,\"advanced\":{\"css\":{\"container\":{\"label\":\"Field container div tag\",\"rules\":{}},\"label\":{\"label\":\"Field label\",\"rules\":{}},\"input\":{\"label\":\"Input tag\",\"rules\":{}},\"help\":{\"label\":\"Instructions for users\",\"rules\":{}}}},\"title\":\"Soll die Fotobox abgeholt werden?\",\"layout\":\"one_column\",\"required\":false,\"exclude\":false,\"accept_html\":false,\"readonly\":false,\"toSubmit\":\"text\",\"merge\":1,\"onoff\":0,\"quantity\":0,\"quantity_when_ticked\":0,\"max\":-1,\"min\":-1,\"maxError\":\"Check no more than {0} boxes\",\"minError\":\"Check at least {0} boxes\",\"showDep\":true,\"choices\":[\"Abholung\"],\"choicesVal\":[\"1\"],\"choiceSelected\":[false],\"choicesDep\":[[\"fieldname12\",\"fieldname10\"]],\"fBuild\":{},\"parent\":\"\"},{\"form_identifier\":\"\",\"name\":\"fieldname10\",\"fieldlayout\":\"default\",\"shortlabel\":\"\",\"index\":6,\"ftype\":\"fnumber\",\"userhelp\":\"\",\"audiotutorial\":\"\",\"userhelpTooltip\":false,\"tooltipIcon\":false,\"csslayout\":\"\",\"hidefield\":false,\"advanced\":{\"css\":{\"container\":{\"label\":\"Field container div tag\",\"rules\":{}},\"label\":{\"label\":\"Field label\",\"rules\":{}},\"input\":{\"label\":\"Input tag\",\"rules\":{}},\"help\":{\"label\":\"Instructions for users\",\"rules\":{}},\"spinner_left\":{\"label\":\"Left spinner\",\"rules\":{}},\"spinner_right\":{\"label\":\"Right spinner\",\"rules\":{}}}},\"title\":\"Wieviele Kilometer sind es von Wiesmoor zum Auf-\\\/ Abbauort?\",\"predefined\":\"\",\"predefinedClick\":false,\"required\":false,\"exclude\":false,\"readonly\":false,\"numberpad\":false,\"spinner\":false,\"size\":\"small\",\"prefix\":\"\",\"postfix\":\"\",\"thousandSeparator\":\"\",\"decimalSymbol\":\".\",\"min\":\"0\",\"max\":\"\",\"step\":\"\",\"formatDynamically\":false,\"twoDecimals\":false,\"dformat\":\"digits\",\"formats\":[\"digits\",\"number\",\"percent\"],\"fBuild\":{},\"parent\":\"\"},{\"form_identifier\":\"\",\"name\":\"fieldname8\",\"fieldlayout\":\"default\",\"shortlabel\":\"\",\"index\":7,\"ftype\":\"fcheck\",\"userhelp\":\"\",\"audiotutorial\":\"\",\"userhelpTooltip\":false,\"tooltipIcon\":false,\"csslayout\":\"\",\"hidefield\":false,\"advanced\":{\"css\":{\"container\":{\"label\":\"Field container div tag\",\"rules\":{}},\"label\":{\"label\":\"Field label\",\"rules\":{}},\"input\":{\"label\":\"Input tag\",\"rules\":{}},\"help\":{\"label\":\"Instructions for users\",\"rules\":{}},\"choice\":{\"label\":\"Choice text\",\"rules\":{}}}},\"title\":\"W\\u00fcnschen Sie eine pers\\u00f6nliche Betreuung w\\u00e4hrend der Nutzungszeit?\",\"layout\":\"one_column\",\"required\":false,\"exclude\":false,\"accept_html\":false,\"readonly\":false,\"toSubmit\":\"text\",\"merge\":1,\"onoff\":0,\"quantity\":0,\"quantity_when_ticked\":0,\"max\":-1,\"min\":-1,\"maxError\":\"Check no more than {0} boxes\",\"minError\":\"Check at least {0} boxes\",\"showDep\":true,\"choices\":[\"Betreuung gew\\u00fcnscht\"],\"choicesVal\":[\"30\"],\"choiceSelected\":[false],\"choicesDep\":[[\"fieldname13\"]],\"fBuild\":{},\"parent\":\"\"},{\"form_identifier\":\"\",\"name\":\"fieldname13\",\"fieldlayout\":\"default\",\"shortlabel\":\"\",\"index\":8,\"ftype\":\"fnumber\",\"userhelp\":\"\",\"audiotutorial\":\"\",\"userhelpTooltip\":false,\"tooltipIcon\":false,\"csslayout\":\"\",\"hidefield\":false,\"advanced\":{\"css\":{\"container\":{\"label\":\"Field container div tag\",\"rules\":{}},\"label\":{\"label\":\"Field label\",\"rules\":{}},\"input\":{\"label\":\"Input tag\",\"rules\":{}},\"help\":{\"label\":\"Instructions for users\",\"rules\":{}}}},\"title\":\"Wieviele Stunden w\\u00fcnschen Sie die Betreuung?\",\"predefined\":\"\",\"predefinedClick\":false,\"required\":false,\"exclude\":false,\"readonly\":false,\"numberpad\":false,\"spinner\":false,\"size\":\"small\",\"prefix\":\"\",\"postfix\":\"\",\"thousandSeparator\":\"\",\"decimalSymbol\":\".\",\"min\":\"\",\"max\":\"\",\"step\":\"\",\"formatDynamically\":false,\"twoDecimals\":false,\"dformat\":\"digits\",\"formats\":[\"digits\",\"number\",\"percent\"],\"fBuild\":{},\"parent\":\"\"},{\"form_identifier\":\"\",\"name\":\"separator1\",\"fieldlayout\":\"default\",\"shortlabel\":\"\",\"index\":9,\"ftype\":\"fSectionBreak\",\"userhelp\":\"\",\"audiotutorial\":\"\",\"userhelpTooltip\":false,\"tooltipIcon\":false,\"csslayout\":\"\",\"hidefield\":false,\"advanced\":{\"css\":{\"container\":{\"label\":\"Field container div tag\",\"rules\":{}},\"label\":{\"label\":\"Field label\",\"rules\":{}},\"input\":{\"label\":\"Input tag\",\"rules\":{}},\"help\":{\"label\":\"Instructions for users\",\"rules\":{}}}},\"title\":\"\",\"fBuild\":{},\"parent\":\"\"},{\"dependencies\":[{\"rule\":\"\",\"complex\":false,\"fields\":[\"\"]}],\"form_identifier\":\"\",\"name\":\"fieldname1\",\"fieldlayout\":\"default\",\"shortlabel\":\"\",\"index\":10,\"ftype\":\"fCalculated\",\"userhelp\":\"zzgl. 200,00 \\u20ac Kaution\",\"audiotutorial\":\"\",\"userhelpTooltip\":false,\"tooltipIcon\":false,\"csslayout\":\"\",\"hidefield\":false,\"advanced\":{\"css\":{\"container\":{\"label\":\"Field container div tag\",\"rules\":{}},\"label\":{\"label\":\"Field label\",\"rules\":{}},\"input\":{\"label\":\"Calculated field\",\"rules\":{}},\"help\":{\"label\":\"Instructions for users\",\"rules\":{}}}},\"title\":\"voraussichtlicher Endpreis:\",\"_developerNotes\":\"\",\"predefined\":\"\",\"required\":false,\"exclude\":false,\"accept_html\":false,\"size\":\"small\",\"eq\":\"ROUND(fieldname3 + fieldname5 * 1 + fieldname5 * (fieldname2 - 1) * 0.625 + fieldname6 + fieldname7 * fieldname10 + fieldname9 * fieldname10 + (CEIL((fieldname7 + fieldname9) \\\/ 2) * 20) + fieldname8 * fieldname13 ,5)\",\"min\":\"\",\"max\":\"\",\"suffix\":\",00 \\u20ac\",\"prefix\":\"\",\"decimalsymbol\":\".\",\"groupingsymbol\":\"\",\"readonly\":true,\"currency\":false,\"noEvalIfManual\":true,\"formatDynamically\":false,\"dynamicEval\":true,\"validate\":false,\"fBuild\":{},\"parent\":\"\"}],{\"0\":{\"title\":\"Fotoboxkosten\",\"titletag\":\"H2\",\"textalign\":\"default\",\"headertextcolor\":\"\",\"description\":\"\",\"formlayout\":\"top_aligned\",\"formtemplate\":\"cp_cff_13\",\"evalequations\":1,\"evalequations_delay\":0,\"evalequationsevent\":2,\"direction\":\"ltr\",\"loading_animation\":0,\"autocomplete\":1,\"persistence\":0,\"animate_form\":0,\"animation_effect\":\"fade\",\"customstyles\":\"\",\"advanced\":{\"css\":{}}},\"formid\":\"cp_calculatedfieldsf_pform_1\"}];<\/script><\/pre>\n<div id=\"fbuilder\">\n\t\t<div id=\"fbuilder_1\">\n\t\t<div id=\"formheader_1\"><\/div>\n\t\t<div id=\"fieldlist_1\"><\/div>\n\t\t<div class=\"clearer\"><\/div>\n\t<\/div>\n<\/div>\n\t<div id=\"cp_subbtn_1\" class=\"cp_subbtn\" style=\"display:none;\">Submit<\/div><div class=\"clearer\"><\/div>\n\t<input type=\"hidden\" id=\"_cpcff_public_nonce\" name=\"_cpcff_public_nonce\" value=\"fcd305d92d\" \/><input type=\"hidden\" name=\"_wp_http_referer\" value=\"\/index.php\/wp-json\/wp\/v2\/pages\/584\" \/><input type=\"hidden\" name=\"cff_form_start_time\" value=\"0bJcx1uUpSfg4cq4u0viHQ==\"><\/form>\n\t\n","protected":false},"excerpt":{"rendered":"<p>An dieser Stelle k\u00f6nnen Sie Ihr Fotoboxpaket zusammenstellen und die Kosten daf\u00fcr erfahren. Bitte haben sie Verst\u00e4ndnis daf\u00fcr, dass es sich nicht um ein verbindliches Angebot handeln kann.<\/p>\n","protected":false},"author":1,"featured_media":0,"parent":0,"menu_order":0,"comment_status":"closed","ping_status":"closed","template":"","meta":{"ocean_post_layout":"","ocean_both_sidebars_style":"","ocean_both_sidebars_content_width":0,"ocean_both_sidebars_sidebars_width":0,"ocean_sidebar":"","ocean_second_sidebar":"","ocean_disable_margins":"enable","ocean_add_body_class":"","ocean_shortcode_before_top_bar":"","ocean_shortcode_after_top_bar":"","ocean_shortcode_before_header":"","ocean_shortcode_after_header":"","ocean_has_shortcode":"","ocean_shortcode_after_title":"","ocean_shortcode_before_footer_widgets":"","ocean_shortcode_after_footer_widgets":"","ocean_shortcode_before_footer_bottom":"","ocean_shortcode_after_footer_bottom":"","ocean_display_top_bar":"default","ocean_display_header":"default","ocean_header_style":"","ocean_center_header_left_menu":"","ocean_custom_header_template":"","ocean_custom_logo":0,"ocean_custom_retina_logo":0,"ocean_custom_logo_max_width":0,"ocean_custom_logo_tablet_max_width":0,"ocean_custom_logo_mobile_max_width":0,"ocean_custom_logo_max_height":0,"ocean_custom_logo_tablet_max_height":0,"ocean_custom_logo_mobile_max_height":0,"ocean_header_custom_menu":"","ocean_menu_typo_font_family":"","ocean_menu_typo_font_subset":"","ocean_menu_typo_font_size":0,"ocean_menu_typo_font_size_tablet":0,"ocean_menu_typo_font_size_mobile":0,"ocean_menu_typo_font_size_unit":"px","ocean_menu_typo_font_weight":"","ocean_menu_typo_font_weight_tablet":"","ocean_menu_typo_font_weight_mobile":"","ocean_menu_typo_transform":"","ocean_menu_typo_transform_tablet":"","ocean_menu_typo_transform_mobile":"","ocean_menu_typo_line_height":0,"ocean_menu_typo_line_height_tablet":0,"ocean_menu_typo_line_height_mobile":0,"ocean_menu_typo_line_height_unit":"","ocean_menu_typo_spacing":0,"ocean_menu_typo_spacing_tablet":0,"ocean_menu_typo_spacing_mobile":0,"ocean_menu_typo_spacing_unit":"","ocean_menu_link_color":"","ocean_menu_link_color_hover":"","ocean_menu_link_color_active":"","ocean_menu_link_background":"","ocean_menu_link_hover_background":"","ocean_menu_link_active_background":"","ocean_menu_social_links_bg":"","ocean_menu_social_hover_links_bg":"","ocean_menu_social_links_color":"","ocean_menu_social_hover_links_color":"","ocean_disable_title":"default","ocean_disable_heading":"default","ocean_post_title":"","ocean_post_subheading":"","ocean_post_title_style":"","ocean_post_title_background_color":"","ocean_post_title_background":0,"ocean_post_title_bg_image_position":"","ocean_post_title_bg_image_attachment":"","ocean_post_title_bg_image_repeat":"","ocean_post_title_bg_image_size":"","ocean_post_title_height":0,"ocean_post_title_bg_overlay":0.5,"ocean_post_title_bg_overlay_color":"","ocean_disable_breadcrumbs":"default","ocean_breadcrumbs_color":"","ocean_breadcrumbs_separator_color":"","ocean_breadcrumbs_links_color":"","ocean_breadcrumbs_links_hover_color":"","ocean_display_footer_widgets":"default","ocean_display_footer_bottom":"default","ocean_custom_footer_template":"","footnotes":""},"class_list":["post-584","page","type-page","status-publish","hentry","entry"],"_links":{"self":[{"href":"https:\/\/frerichs-fotoart.de\/index.php\/wp-json\/wp\/v2\/pages\/584","targetHints":{"allow":["GET"]}}],"collection":[{"href":"https:\/\/frerichs-fotoart.de\/index.php\/wp-json\/wp\/v2\/pages"}],"about":[{"href":"https:\/\/frerichs-fotoart.de\/index.php\/wp-json\/wp\/v2\/types\/page"}],"author":[{"embeddable":true,"href":"https:\/\/frerichs-fotoart.de\/index.php\/wp-json\/wp\/v2\/users\/1"}],"replies":[{"embeddable":true,"href":"https:\/\/frerichs-fotoart.de\/index.php\/wp-json\/wp\/v2\/comments?post=584"}],"version-history":[{"count":4,"href":"https:\/\/frerichs-fotoart.de\/index.php\/wp-json\/wp\/v2\/pages\/584\/revisions"}],"predecessor-version":[{"id":709,"href":"https:\/\/frerichs-fotoart.de\/index.php\/wp-json\/wp\/v2\/pages\/584\/revisions\/709"}],"wp:attachment":[{"href":"https:\/\/frerichs-fotoart.de\/index.php\/wp-json\/wp\/v2\/media?parent=584"}],"curies":[{"name":"wp","href":"https:\/\/api.w.org\/{rel}","templated":true}]}}