{"id":101,"date":"2020-03-06T17:10:15","date_gmt":"2020-03-06T17:10:15","guid":{"rendered":"https:\/\/frerichs-fotoart.de\/?page_id=101"},"modified":"2021-12-08T15:56:48","modified_gmt":"2021-12-08T14:56:48","slug":"referenzen","status":"publish","type":"page","link":"https:\/\/frerichs-fotoart.de\/index.php\/referenzen\/","title":{"rendered":"Portfolio"},"content":{"rendered":"\n<p>Ich bin in vielen Bereichen der Fotografie aktiv, spezialisiert habe ich mich jedoch auf das Begleiten von Hochzeiten und das Erstellen von Portraitfotos. Auch das Fotografieren von Produkten, die richtige Platzierung und &#8222;ins richtige Licht&#8220; r\u00fccken, mit der Liebe zum Detail habe ich mir \u00fcber Jahre angeeignet. Herausforderungen jeglicher Art motivieren mich sehr.<\/p>\n\n\n\n<p>Damit Sie sich einen Eindruck davon machen k\u00f6nnen, wie Fotos meiner Meinung nach aussehen sollten, pr\u00e4sentiere ich Ihnen im Folgenden ein paar Ausz\u00fcge meiner bisherigen Arbeit.<br>Wenn Sie auf eine der Kategorien klicken, startet eine kleine Fotopr\u00e4sentation. Ich w\u00fcnsche Ihnen viel Spa\u00df beim Anschauen der Fotos und hoffe, dass Ihnen meine Art Erlebnisse festzuhalten gefallen.<\/p>\n\n\n\n<div class=\"wp-block-columns is-layout-flex wp-container-core-columns-is-layout-9d6595d7 wp-block-columns-is-layout-flex\">\n<div class=\"wp-block-column is-layout-flow wp-block-column-is-layout-flow\">\n<div class=\"wp-block-image\"><figure class=\"aligncenter size-thumbnail\"><a href=\"https:\/\/frerichs-fotoart.de\/index.php\/hochzeit\/\"><img loading=\"lazy\" decoding=\"async\" width=\"150\" height=\"150\" src=\"https:\/\/frerichs-fotoart.de\/wp-content\/uploads\/2020\/03\/th_hochzeit-150x150.jpg\" alt=\"\" class=\"wp-image-308\"\/><\/a><figcaption>Hochzeit<\/figcaption><\/figure><\/div>\n<\/div>\n\n\n\n<div class=\"wp-block-column is-layout-flow wp-block-column-is-layout-flow\">\n<div class=\"wp-block-image\"><figure class=\"aligncenter size-thumbnail\"><a href=\"https:\/\/frerichs-fotoart.de\/index.php\/Portrait\/\"><img loading=\"lazy\" decoding=\"async\" width=\"150\" height=\"150\" src=\"https:\/\/frerichs-fotoart.de\/wp-content\/uploads\/2020\/03\/th_portrait-150x150.jpg\" alt=\"\" class=\"wp-image-309\"\/><\/a><figcaption>Portrait<\/figcaption><\/figure><\/div>\n<\/div>\n\n\n\n<div class=\"wp-block-column is-layout-flow wp-block-column-is-layout-flow\">\n<div class=\"wp-block-image\"><figure class=\"aligncenter size-thumbnail\"><a href=\"https:\/\/frerichs-fotoart.de\/index.php\/Dessous\/\"><img loading=\"lazy\" decoding=\"async\" width=\"150\" height=\"150\" src=\"https:\/\/frerichs-fotoart.de\/wp-content\/uploads\/2020\/03\/th_dessous-150x150.jpg\" alt=\"\" class=\"wp-image-307\"\/><\/a><figcaption>Dessous<\/figcaption><\/figure><\/div>\n<\/div>\n\n\n\n<div class=\"wp-block-column is-layout-flow wp-block-column-is-layout-flow\">\n<div class=\"wp-block-image\"><figure class=\"aligncenter size-thumbnail\"><a href=\"https:\/\/frerichs-fotoart.de\/index.php\/weiteres\/\"><img loading=\"lazy\" decoding=\"async\" width=\"150\" height=\"150\" src=\"https:\/\/frerichs-fotoart.de\/wp-content\/uploads\/2020\/03\/th_weiteres-150x150.jpg\" alt=\"\" class=\"wp-image-310\"\/><\/a><figcaption>weiteres<\/figcaption><\/figure><\/div>\n<\/div>\n<\/div>\n\n\n\n<p><\/p>\n","protected":false},"excerpt":{"rendered":"<p>Ich bin in vielen Bereichen der Fotografie aktiv, spezialisiert habe ich mich jedoch auf das Begleiten von Hochzeiten und das Erstellen von Portraitfotos. Auch das Fotografieren von Produkten, die richtige Platzierung und &#8222;ins richtige Licht&#8220; r\u00fccken, mit der Liebe zum Detail habe ich mir \u00fcber Jahre angeeignet. Herausforderungen jeglicher Art motivieren mich sehr. Damit Sie [&hellip;]<\/p>\n","protected":false},"author":1,"featured_media":0,"parent":0,"menu_order":10,"comment_status":"closed","ping_status":"closed","template":"","meta":{"ocean_post_layout":"","ocean_both_sidebars_style":"","ocean_both_sidebars_content_width":0,"ocean_both_sidebars_sidebars_width":0,"ocean_sidebar":"","ocean_second_sidebar":"","ocean_disable_margins":"enable","ocean_add_body_class":"","ocean_shortcode_before_top_bar":"","ocean_shortcode_after_top_bar":"","ocean_shortcode_before_header":"","ocean_shortcode_after_header":"","ocean_has_shortcode":"","ocean_shortcode_after_title":"","ocean_shortcode_before_footer_widgets":"","ocean_shortcode_after_footer_widgets":"","ocean_shortcode_before_footer_bottom":"","ocean_shortcode_after_footer_bottom":"","ocean_display_top_bar":"default","ocean_display_header":"default","ocean_header_style":"","ocean_center_header_left_menu":"","ocean_custom_header_template":"","ocean_custom_logo":0,"ocean_custom_retina_logo":0,"ocean_custom_logo_max_width":0,"ocean_custom_logo_tablet_max_width":0,"ocean_custom_logo_mobile_max_width":0,"ocean_custom_logo_max_height":0,"ocean_custom_logo_tablet_max_height":0,"ocean_custom_logo_mobile_max_height":0,"ocean_header_custom_menu":"","ocean_menu_typo_font_family":"","ocean_menu_typo_font_subset":"","ocean_menu_typo_font_size":0,"ocean_menu_typo_font_size_tablet":0,"ocean_menu_typo_font_size_mobile":0,"ocean_menu_typo_font_size_unit":"px","ocean_menu_typo_font_weight":"","ocean_menu_typo_font_weight_tablet":"","ocean_menu_typo_font_weight_mobile":"","ocean_menu_typo_transform":"","ocean_menu_typo_transform_tablet":"","ocean_menu_typo_transform_mobile":"","ocean_menu_typo_line_height":0,"ocean_menu_typo_line_height_tablet":0,"ocean_menu_typo_line_height_mobile":0,"ocean_menu_typo_line_height_unit":"","ocean_menu_typo_spacing":0,"ocean_menu_typo_spacing_tablet":0,"ocean_menu_typo_spacing_mobile":0,"ocean_menu_typo_spacing_unit":"","ocean_menu_link_color":"","ocean_menu_link_color_hover":"","ocean_menu_link_color_active":"","ocean_menu_link_background":"","ocean_menu_link_hover_background":"","ocean_menu_link_active_background":"","ocean_menu_social_links_bg":"","ocean_menu_social_hover_links_bg":"","ocean_menu_social_links_color":"","ocean_menu_social_hover_links_color":"","ocean_disable_title":"default","ocean_disable_heading":"default","ocean_post_title":"","ocean_post_subheading":"","ocean_post_title_style":"","ocean_post_title_background_color":"","ocean_post_title_background":0,"ocean_post_title_bg_image_position":"","ocean_post_title_bg_image_attachment":"","ocean_post_title_bg_image_repeat":"","ocean_post_title_bg_image_size":"","ocean_post_title_height":0,"ocean_post_title_bg_overlay":0.5,"ocean_post_title_bg_overlay_color":"","ocean_disable_breadcrumbs":"default","ocean_breadcrumbs_color":"","ocean_breadcrumbs_separator_color":"","ocean_breadcrumbs_links_color":"","ocean_breadcrumbs_links_hover_color":"","ocean_display_footer_widgets":"default","ocean_display_footer_bottom":"default","ocean_custom_footer_template":"","footnotes":""},"class_list":["post-101","page","type-page","status-publish","hentry","entry"],"_links":{"self":[{"href":"https:\/\/frerichs-fotoart.de\/index.php\/wp-json\/wp\/v2\/pages\/101","targetHints":{"allow":["GET"]}}],"collection":[{"href":"https:\/\/frerichs-fotoart.de\/index.php\/wp-json\/wp\/v2\/pages"}],"about":[{"href":"https:\/\/frerichs-fotoart.de\/index.php\/wp-json\/wp\/v2\/types\/page"}],"author":[{"embeddable":true,"href":"https:\/\/frerichs-fotoart.de\/index.php\/wp-json\/wp\/v2\/users\/1"}],"replies":[{"embeddable":true,"href":"https:\/\/frerichs-fotoart.de\/index.php\/wp-json\/wp\/v2\/comments?post=101"}],"version-history":[{"count":19,"href":"https:\/\/frerichs-fotoart.de\/index.php\/wp-json\/wp\/v2\/pages\/101\/revisions"}],"predecessor-version":[{"id":663,"href":"https:\/\/frerichs-fotoart.de\/index.php\/wp-json\/wp\/v2\/pages\/101\/revisions\/663"}],"wp:attachment":[{"href":"https:\/\/frerichs-fotoart.de\/index.php\/wp-json\/wp\/v2\/media?parent=101"}],"curies":[{"name":"wp","href":"https:\/\/api.w.org\/{rel}","templated":true}]}}