{"id":100,"date":"2020-03-06T17:10:15","date_gmt":"2020-03-06T17:10:15","guid":{"rendered":"https:\/\/frerichs-fotoart.de\/?page_id=100"},"modified":"2025-05-02T08:12:36","modified_gmt":"2025-05-02T06:12:36","slug":"leistungen-und-preise","status":"publish","type":"page","link":"https:\/\/frerichs-fotoart.de\/index.php\/leistungen-und-preise\/","title":{"rendered":"Leistungen und Preise"},"content":{"rendered":"\n<h1 class=\"wp-block-heading\" id=\"leistungsangebot-und-preise\">Leistungsangebot und Preise. <\/h1>\n\n\n\n<h2 class=\"wp-block-heading\" id=\"gutschein\">Gutschein<\/h2>\n\n\n\n<p><strong>Das pers\u00f6nliche Geschenk f\u00fcr Geburtstage, Jahrestage oder zu Feiertagen<br><\/strong>Wie oft kommt es vor, dass einem nicht das passende Geschenk f\u00fcr einen Geburtstag oder zu einem Festtag einf\u00e4llt? Mir geht es recht h\u00e4ufig so und m\u00f6glicherweise Ihnen ja auch \u2013 deshalb biete ich Ihnen einen Gutschein f\u00fcr ein Fotoshooting an. Er ist mit allen Paketen hier kombinier- und erweiterbar. <sup><a href=\"#fn1\">[1]<\/a><\/sup><\/p>\n\n\n\n<hr class=\"wp-block-separator has-css-opacity is-style-wide\"\/>\n\n\n\n<h2 class=\"wp-block-heading\" id=\"passfotos-und-bewerbungsfotos\">Biometrische Fotos und Bewerbungsfotos<\/h2>\n\n\n\n<p>Bei mir bekommen Sie sechs biometrische Fotos f\u00fcr Ihren neuen F\u00fchrerschein oder Krankenkassenkarte konventionell auf Fotopapier f\u00fcr 15 Euro pro Person. Nach dem Anfertigen des Rohfotos k\u00f6nnen Sie die fertigen Fotos nach einer kurzen Wartezeit gleich mitnehmen.<br><em>Bitte beachten Sie, dass diese Fotos ab dem 1. Mai 2025 nicht mehr f\u00fcr ein amtliches Ausweisdokument verwendet werden k\u00f6nnen!<\/em><\/p>\n\n\n\n<p>Auch Bewerbungsfotos kann ich nach Ihren Vorstellungen und in Abstimmung auf die Stelle, auf die Sie sich bewerben m\u00f6chten, anfertigen. Die Kosten belaufen sich auf 25 Euro pro Person.<\/p>\n\n\n\n<hr class=\"wp-block-separator has-css-opacity is-style-wide\"\/>\n\n\n\n<h2 class=\"wp-block-heading\" id=\"fotoshooting\">Fotoshooting<\/h2>\n\n\n\n<p><strong>Beispielpaket Hochzeit 1. 309,90 Euro<\/strong><br>Inhalt:<\/p>\n\n\n\n<ul class=\"wp-block-list\">\n<li>Vorgespr\u00e4ch<\/li>\n\n\n\n<li>2 Stunden Shootingzeit<\/li>\n\n\n\n<li>Fahrkosten f\u00fcr 80 km<\/li>\n\n\n\n<li>Bearbeitung von verwertbaren Fotografien<\/li>\n\n\n\n<li>Fotos auf CD oder DVD<br><sup>F\u00fcr 10 Euro Aufpreis gibt es die Fotos auf einem schicken USB-Stick.<\/sup><\/li>\n\n\n\n<li>10 ausw\u00e4hlbare Fotos als hochwertiger 10&#215;15 Print<\/li>\n<\/ul>\n\n\n\n<hr class=\"wp-block-separator has-css-opacity is-style-wide\"\/>\n\n\n\n<p><strong>Beispielpaket Hochzeit 2. 829,90 Euro<\/strong><br>Inhalt:<\/p>\n\n\n\n<ul class=\"wp-block-list\">\n<li>Vorgespr\u00e4ch<\/li>\n\n\n\n<li>8 Stunden Shootingzeit<\/li>\n\n\n\n<li>Fahrkosten f\u00fcr 100 km<\/li>\n\n\n\n<li>Bearbeitung von verwertbaren Fotografien<\/li>\n\n\n\n<li>Fotos auf CD oder DVD<br><sup>F\u00fcr 10 Euro Aufpreis gibt es die Fotos auf einem schicken USB-Stick.<\/sup><\/li>\n\n\n\n<li>10 ausw\u00e4hlbare Fotos als hochwertiger 10&#215;15 Print<\/li>\n<\/ul>\n\n\n<hr class=\"wp-block-separator has-css-opacity is-style-wide\" \/>\n\n\n<figure class=\"wp-block-image size-large is-resized\"><img loading=\"lazy\" decoding=\"async\" width=\"960\" height=\"640\" src=\"https:\/\/frerichs-fotoart.de\/wp-content\/uploads\/2020\/08\/Paket_Flieder.jpg\" alt=\"\" class=\"wp-image-546\" style=\"width:480px;height:320px\" srcset=\"https:\/\/frerichs-fotoart.de\/wp-content\/uploads\/2020\/08\/Paket_Flieder.jpg 960w, https:\/\/frerichs-fotoart.de\/wp-content\/uploads\/2020\/08\/Paket_Flieder-300x200.jpg 300w, https:\/\/frerichs-fotoart.de\/wp-content\/uploads\/2020\/08\/Paket_Flieder-768x512.jpg 768w\" sizes=\"auto, (max-width: 960px) 100vw, 960px\" \/><\/figure>\n\n\n\n<p><strong>Paket Flieder f\u00fcr 75,- Euro<\/strong> mit Zufriedenheitsgarantie <sup><a href=\"#fn2\">[2]<\/a><\/sup><br>Inhalt:<\/p>\n\n\n\n<ul class=\"wp-block-list\">\n<li>kurzes Vorgespr\u00e4ch <\/li>\n\n\n\n<li>\u00be st\u00fcndiges Shooting im eigenen Studio oder Outdoor <sup><a href=\"#fn3\">[3]<\/a><\/sup> <\/li>\n\n\n\n<li>2 bearbeitete Fotos per Download<\/li>\n<\/ul>\n\n\n\n<hr class=\"wp-block-separator has-css-opacity is-style-wide\"\/>\n\n\n\n<figure class=\"wp-block-image size-large is-resized\"><img loading=\"lazy\" decoding=\"async\" width=\"960\" height=\"640\" src=\"https:\/\/frerichs-fotoart.de\/wp-content\/uploads\/2020\/08\/Paket_Ginster.jpg\" alt=\"\" class=\"wp-image-547\" style=\"width:480px;height:320px\" srcset=\"https:\/\/frerichs-fotoart.de\/wp-content\/uploads\/2020\/08\/Paket_Ginster.jpg 960w, https:\/\/frerichs-fotoart.de\/wp-content\/uploads\/2020\/08\/Paket_Ginster-300x200.jpg 300w, https:\/\/frerichs-fotoart.de\/wp-content\/uploads\/2020\/08\/Paket_Ginster-768x512.jpg 768w\" sizes=\"auto, (max-width: 960px) 100vw, 960px\" \/><\/figure>\n\n\n\n<p><strong>Paket Ginster f\u00fcr 100,- Euro<\/strong> mit Zufriedenheitsgarantie <sup><a href=\"#fn2\">[2]<\/a><\/sup><br>Inhalt:<\/p>\n\n\n\n<ul class=\"wp-block-list\">\n<li>kurzes Vorgespr\u00e4ch <\/li>\n\n\n\n<li>1\u00bd st\u00fcndiges Shooting im eigenen Studio oder Outdoor <sup><a href=\"#fn3\">[3]<\/a><\/sup> <\/li>\n\n\n\n<li>4 bearbeitete Fotos per Download<\/li>\n<\/ul>\n\n\n\n<hr class=\"wp-block-separator has-css-opacity is-style-wide\"\/>\n\n\n\n<figure class=\"wp-block-image size-large is-resized\"><img loading=\"lazy\" decoding=\"async\" width=\"960\" height=\"640\" src=\"https:\/\/frerichs-fotoart.de\/wp-content\/uploads\/2020\/08\/Paket-Holunder.jpg\" alt=\"\" class=\"wp-image-550\" style=\"width:480px;height:320px\" srcset=\"https:\/\/frerichs-fotoart.de\/wp-content\/uploads\/2020\/08\/Paket-Holunder.jpg 960w, https:\/\/frerichs-fotoart.de\/wp-content\/uploads\/2020\/08\/Paket-Holunder-300x200.jpg 300w, https:\/\/frerichs-fotoart.de\/wp-content\/uploads\/2020\/08\/Paket-Holunder-768x512.jpg 768w\" sizes=\"auto, (max-width: 960px) 100vw, 960px\" \/><\/figure>\n\n\n\n<p><strong>Paket Holunder f\u00fcr 130,- Euro<\/strong> mit Zufriedenheitsgarantie <sup><a href=\"#fn2\">[2]<\/a><\/sup><br>Inhalt:<\/p>\n\n\n\n<ul class=\"wp-block-list\">\n<li>Vorgespr\u00e4ch <\/li>\n\n\n\n<li>2 st\u00fcndiges Shooting im eigenen Studio oder Outdoor <sup><a href=\"#fn3\">[3]<\/a><\/sup> <\/li>\n\n\n\n<li>6 bearbeitete Fotos als CD oder DVD per Brief nach Hause geschickt<\/li>\n<\/ul>\n\n\n\n<hr class=\"wp-block-separator has-css-opacity is-style-wide\"\/>\n\n\n\n<figure class=\"wp-block-image size-large is-resized\"><img loading=\"lazy\" decoding=\"async\" width=\"960\" height=\"640\" src=\"https:\/\/frerichs-fotoart.de\/wp-content\/uploads\/2020\/08\/Paket_Rhododendron.jpg\" alt=\"\" class=\"wp-image-548\" style=\"width:480px;height:320px\" srcset=\"https:\/\/frerichs-fotoart.de\/wp-content\/uploads\/2020\/08\/Paket_Rhododendron.jpg 960w, https:\/\/frerichs-fotoart.de\/wp-content\/uploads\/2020\/08\/Paket_Rhododendron-300x200.jpg 300w, https:\/\/frerichs-fotoart.de\/wp-content\/uploads\/2020\/08\/Paket_Rhododendron-768x512.jpg 768w\" sizes=\"auto, (max-width: 960px) 100vw, 960px\" \/><\/figure>\n\n\n\n<p><strong>Paket Rhododendron. Preis auf Anfrage<\/strong> mit Zufriedenheitsgarantie <sup><a href=\"#fn2\">[2]<\/a><\/sup><br>Inhalt:<\/p>\n\n\n\n<ul class=\"wp-block-list\">\n<li>Vorgespr\u00e4ch <\/li>\n\n\n\n<li>Fotoshooting im eigenen Studio oder Outdoor <sup><a href=\"#fn3\">[3]<\/a><\/sup> <\/li>\n\n\n\n<li>vereinbarte Anzahl an bearbeiteten Fotos als CD oder DVD per Brief nach Hause geschickt<\/li>\n\n\n\n<li>Sonderlocations wie z. B. Regensets oder spezielle Requisiten wie z. B. Tiere oder KFZ sind u. U. m\u00f6glich.<br><sup>Optimal f\u00fcr Kalendershootings oder andere W\u00fcnsche.<\/sup><\/li>\n<\/ul>\n\n\n\n<hr class=\"wp-block-separator has-css-opacity is-style-wide\"\/>\n\n\n\n<p><strong>Extrabausteine<\/strong><br>Zu den Paketen Flieder, Ginster und Holunder sind verschiedene Optionen gegen Aufpreis zubuchbar. <\/p>\n\n\n\n<ul class=\"wp-block-list\">\n<li>je zus\u00e4tzliche \u00bd Stunde Shooting 25,00 Euro<\/li>\n\n\n\n<li>je zus\u00e4tzliches bearbeitetes Foto (sofern m\u00f6glich) 7,00 Euro<\/li>\n\n\n\n<li>erweiterte Anfahrt bei Outdoorshootings je Fahrtkilometer 0,50 Euro<\/li>\n\n\n\n<li>Fotos auf CD oder DVD statt per Download (nur f\u00fcr Flieder- oder Ginsterpaket) 8,00 Euro<\/li>\n\n\n\n<li>zus\u00e4tzlicher Abzug eines schon bearbeiteten Fotos auf hochwertigem Fotopapier (10&#215;15, 13&#215;19, 15&#215;22 oder 20&#215;30) je Foto nur 10ct x l\u00e4ngste Seite + 5,00 Euro Versand<\/li>\n<\/ul>\n\n\n\n<p><strong>Erl\u00e4uterungen:<\/strong>\n\t\t\t<\/p>\n\n\n\n<p><sup id=\"fn1\">[1] kombinierbar nur, wenn Gutscheinwert den Paketwert nicht \u00fcbersteigt. Eine Auszahlung des Restbetrages ist nicht m\u00f6glich.<\/sup><br><sup id=\"fn2\">[2] Sollten Ihnen bei der Durchsicht der Rohfotos keine der gemachten Fotos gefallen, bekommen Sie sofort Ihr Geld zur\u00fcck! Ausgenommen hiervon sind jedoch 50% meiner Fahrkosten. Der Shootingvertrag wird dann f\u00fcr nichtig erkl\u00e4rt.<\/sup><br><sup id=\"fn3\">[3] bis 5 km Radius um Wiesmoor-Hinrichsfehn und frei zug\u00e4nglich.<\/sup><\/p>\n\n\n\n<p><\/p>\n","protected":false},"excerpt":{"rendered":"<p>Leistungsangebot und Preise. Gutschein Das pers\u00f6nliche Geschenk f\u00fcr Geburtstage, Jahrestage oder zu FeiertagenWie oft kommt es vor, dass einem nicht das passende Geschenk f\u00fcr einen Geburtstag oder zu einem Festtag einf\u00e4llt? Mir geht es recht h\u00e4ufig so und m\u00f6glicherweise Ihnen ja auch \u2013 deshalb biete ich Ihnen einen Gutschein f\u00fcr ein Fotoshooting an. Er ist [&hellip;]<\/p>\n","protected":false},"author":1,"featured_media":0,"parent":0,"menu_order":30,"comment_status":"closed","ping_status":"closed","template":"","meta":{"ocean_post_layout":"","ocean_both_sidebars_style":"","ocean_both_sidebars_content_width":0,"ocean_both_sidebars_sidebars_width":0,"ocean_sidebar":"0","ocean_second_sidebar":"0","ocean_disable_margins":"enable","ocean_add_body_class":"","ocean_shortcode_before_top_bar":"","ocean_shortcode_after_top_bar":"","ocean_shortcode_before_header":"","ocean_shortcode_after_header":"","ocean_has_shortcode":"","ocean_shortcode_after_title":"","ocean_shortcode_before_footer_widgets":"","ocean_shortcode_after_footer_widgets":"","ocean_shortcode_before_footer_bottom":"","ocean_shortcode_after_footer_bottom":"","ocean_display_top_bar":"default","ocean_display_header":"default","ocean_header_style":"","ocean_center_header_left_menu":"0","ocean_custom_header_template":"0","ocean_custom_logo":0,"ocean_custom_retina_logo":0,"ocean_custom_logo_max_width":0,"ocean_custom_logo_tablet_max_width":0,"ocean_custom_logo_mobile_max_width":0,"ocean_custom_logo_max_height":0,"ocean_custom_logo_tablet_max_height":0,"ocean_custom_logo_mobile_max_height":0,"ocean_header_custom_menu":"0","ocean_menu_typo_font_family":"0","ocean_menu_typo_font_subset":"","ocean_menu_typo_font_size":0,"ocean_menu_typo_font_size_tablet":0,"ocean_menu_typo_font_size_mobile":0,"ocean_menu_typo_font_size_unit":"px","ocean_menu_typo_font_weight":"","ocean_menu_typo_font_weight_tablet":"","ocean_menu_typo_font_weight_mobile":"","ocean_menu_typo_transform":"","ocean_menu_typo_transform_tablet":"","ocean_menu_typo_transform_mobile":"","ocean_menu_typo_line_height":0,"ocean_menu_typo_line_height_tablet":0,"ocean_menu_typo_line_height_mobile":0,"ocean_menu_typo_line_height_unit":"","ocean_menu_typo_spacing":0,"ocean_menu_typo_spacing_tablet":0,"ocean_menu_typo_spacing_mobile":0,"ocean_menu_typo_spacing_unit":"","ocean_menu_link_color":"","ocean_menu_link_color_hover":"","ocean_menu_link_color_active":"","ocean_menu_link_background":"","ocean_menu_link_hover_background":"","ocean_menu_link_active_background":"","ocean_menu_social_links_bg":"","ocean_menu_social_hover_links_bg":"","ocean_menu_social_links_color":"","ocean_menu_social_hover_links_color":"","ocean_disable_title":"default","ocean_disable_heading":"default","ocean_post_title":"","ocean_post_subheading":"","ocean_post_title_style":"","ocean_post_title_background_color":"","ocean_post_title_background":0,"ocean_post_title_bg_image_position":"","ocean_post_title_bg_image_attachment":"","ocean_post_title_bg_image_repeat":"","ocean_post_title_bg_image_size":"","ocean_post_title_height":0,"ocean_post_title_bg_overlay":0.5,"ocean_post_title_bg_overlay_color":"","ocean_disable_breadcrumbs":"default","ocean_breadcrumbs_color":"","ocean_breadcrumbs_separator_color":"","ocean_breadcrumbs_links_color":"","ocean_breadcrumbs_links_hover_color":"","ocean_display_footer_widgets":"default","ocean_display_footer_bottom":"default","ocean_custom_footer_template":"0","footnotes":""},"class_list":["post-100","page","type-page","status-publish","hentry","entry"],"_links":{"self":[{"href":"https:\/\/frerichs-fotoart.de\/index.php\/wp-json\/wp\/v2\/pages\/100","targetHints":{"allow":["GET"]}}],"collection":[{"href":"https:\/\/frerichs-fotoart.de\/index.php\/wp-json\/wp\/v2\/pages"}],"about":[{"href":"https:\/\/frerichs-fotoart.de\/index.php\/wp-json\/wp\/v2\/types\/page"}],"author":[{"embeddable":true,"href":"https:\/\/frerichs-fotoart.de\/index.php\/wp-json\/wp\/v2\/users\/1"}],"replies":[{"embeddable":true,"href":"https:\/\/frerichs-fotoart.de\/index.php\/wp-json\/wp\/v2\/comments?post=100"}],"version-history":[{"count":26,"href":"https:\/\/frerichs-fotoart.de\/index.php\/wp-json\/wp\/v2\/pages\/100\/revisions"}],"predecessor-version":[{"id":759,"href":"https:\/\/frerichs-fotoart.de\/index.php\/wp-json\/wp\/v2\/pages\/100\/revisions\/759"}],"wp:attachment":[{"href":"https:\/\/frerichs-fotoart.de\/index.php\/wp-json\/wp\/v2\/media?parent=100"}],"curies":[{"name":"wp","href":"https:\/\/api.w.org\/{rel}","templated":true}]}}